{"id":2368,"date":"2017-01-16T15:54:02","date_gmt":"2017-01-16T20:54:02","guid":{"rendered":"https:\/\/thekitchenguy.ca\/blog\/"},"modified":"2019-03-11T12:19:18","modified_gmt":"2019-03-11T16:19:18","slug":"blogue","status":"publish","type":"page","link":"https:\/\/thekitchenguy.ca\/fr\/blogue\/","title":{"rendered":"Blogue"},"content":{"rendered":"<div class=\"wpb-content-wrapper\">[vc_row id=\u00a0\u00bbex-button-block\u00a0\u00bb][vc_column el_class=\u00a0\u00bbex-button-block-column\u00a0\u00bb][vc_row_inner][vc_column_inner el_class=\u00a0\u00bbex-button-img-column\u00a0\u00bb][vc_column_text el_class=\u00a0\u00bbex-button-text ex-button-text1&Prime;]Call us @ 613-505-4767[\/vc_column_text][vc_single_image image=\u00a0\u00bb1391&Prime; img_size=\u00a0\u00bb70&#215;70&Prime; alignment=\u00a0\u00bbcenter\u00a0\u00bb style=\u00a0\u00bbvc_box_circle_2&Prime; onclick=\u00a0\u00bbcustom_link\u00a0\u00bb css_animation=\u00a0\u00bbfadeIn\u00a0\u00bb link=\u00a0\u00bbtel: 613-505-4767&Prime; el_class=\u00a0\u00bbex-button-image ex-button-image1&Prime;][\/vc_column_inner][\/vc_row_inner][vc_row_inner][vc_column_inner el_class=\u00a0\u00bbex-button-img-column\u00a0\u00bb][vc_column_text el_class=\u00a0\u00bbex-button-text ex-button-text2&Prime;]Email us![\/vc_column_text][vc_single_image image=\u00a0\u00bb1392&Prime; img_size=\u00a0\u00bb70&#215;70&Prime; alignment=\u00a0\u00bbcenter\u00a0\u00bb style=\u00a0\u00bbvc_box_circle_2&Prime; onclick=\u00a0\u00bbcustom_link\u00a0\u00bb css_animation=\u00a0\u00bbfadeIn\u00a0\u00bb link=\u00a0\u00bbmailto:clientcare@thekitchenguy.ca\u00a0\u00bb el_class=\u00a0\u00bbex-button-image ex-button-image2&Prime;][\/vc_column_inner][\/vc_row_inner][vc_row_inner][vc_column_inner el_class=\u00a0\u00bbex-button-img-column\u00a0\u00bb][vc_column_text el_class=\u00a0\u00bbex-button-text ex-button-text3&Prime;]Request a free estimate[\/vc_column_text][vc_single_image image=\u00a0\u00bb1393&Prime; img_size=\u00a0\u00bb70&#215;70&Prime; alignment=\u00a0\u00bbcenter\u00a0\u00bb style=\u00a0\u00bbvc_box_circle_2&Prime; onclick=\u00a0\u00bbcustom_link\u00a0\u00bb css_animation=\u00a0\u00bbfadeIn\u00a0\u00bb link=\u00a0\u00bbhttps:\/\/thekitchenguy.ca\/free-estimate\u00a0\u00bb el_class=\u00a0\u00bbex-button-image ex-button-image3&Prime;][\/vc_column_inner][\/vc_row_inner][\/vc_column][\/vc_row][mk_page_section bg_image=\u00a0\u00bbhttps:\/\/thekitchenguy.ca\/wp-content\/uploads\/2017\/01\/blog-men-writing.jpg\u00a0\u00bb bg_image_portrait=\u00a0\u00bbhttps:\/\/thekitchenguy.ca\/wp-content\/uploads\/2017\/01\/blog-men-writing.jpg\u00a0\u00bb bg_position=\u00a0\u00bbcenter center\u00a0\u00bb bg_repeat=\u00a0\u00bbno-repeat\u00a0\u00bb bg_stretch=\u00a0\u00bbtrue\u00a0\u00bb video_opacity=\u00a0\u00bb0&Prime; min_height=\u00a0\u00bb0&Prime; skip_arrow=\u00a0\u00bbtrue\u00a0\u00bb skip_arrow_skin=\u00a0\u00bbdark\u00a0\u00bb top_shape_color=\u00a0\u00bb#ffffff\u00a0\u00bb bottom_shape_color=\u00a0\u00bb#ffffff\u00a0\u00bb sidebar=\u00a0\u00bbsidebar-1&Prime;][vc_column][vc_row_inner][vc_column_inner width=\u00a0\u00bb2\/12&Prime;][\/vc_column_inner][vc_column_inner width=\u00a0\u00bb2\/3&Prime; css=\u00a0\u00bb.vc_custom_1493840267531{margin-top: 100px !important;margin-bottom: 100px !important;background-color: rgba(255,255,255,0.65) !important;*background-color: rgb(255,255,255) !important;}\u00a0\u00bb][mk_fancy_title tag_name=\u00a0\u00bbh1&Prime; color=\u00a0\u00bb#000000&Prime; size=\u00a0\u00bb30&Prime; txt_transform=\u00a0\u00bbuppercase\u00a0\u00bb font_family=\u00a0\u00bbnone\u00a0\u00bb align=\u00a0\u00bbcenter\u00a0\u00bb]Bienvenue au blogue The Kitchen Guy\u00ae![\/mk_fancy_title][\/vc_column_inner][vc_column_inner width=\u00a0\u00bb2\/12&Prime;][\/vc_column_inner][\/vc_row_inner][\/vc_column][\/mk_page_section][mk_page_section bg_repeat=\u00a0\u00bbno-repeat\u00a0\u00bb bg_stretch=\u00a0\u00bbtrue\u00a0\u00bb video_opacity=\u00a0\u00bb1&Prime; padding_top=\u00a0\u00bb60&Prime; padding_bottom=\u00a0\u00bb60&Prime; top_shape_color=\u00a0\u00bb#ffffff\u00a0\u00bb bottom_shape_color=\u00a0\u00bb#ffffff\u00a0\u00bb sidebar=\u00a0\u00bbsidebar-1&Prime;][vc_column width=\u00a0\u00bb1\/6&Prime;][\/vc_column][vc_column width=\u00a0\u00bb2\/3&Prime;][vc_column_text css=\u00a0\u00bb.vc_custom_1517344561786{margin-bottom: 0px !important;}\u00a0\u00bb]\u00a0<strong>Toutes les cuisines ne sont pas identiques!<\/strong><\/p>\n<p><span style=\"font-weight: 400;\">Dans la vie, certains \u00e9v\u00e9nements ont un impact durable sur vous \u00e0 jamais. Pour notre Kitchen Guy original, Andr\u00e9 Gu\u00e9nette, l\u2019un de ces \u00e9v\u00e9nements marquants \u00e9tait la r\u00e9novation de la cuisine familiale dans les ann\u00e9es 70 \u00e0 Sudbury en Ontario. Faire tomber les murs et repenser la cuisine Gu\u00e9nette a exerc\u00e9 un impact incroyable sur sa vie. Andr\u00e9 explique que sa famille a \u00e9t\u00e9 pionni\u00e8re et innovatrice \u00e0 penser autrement en conception de cuisine. Il a constat\u00e9 l&rsquo;\u00e9volution de sa dynamique familiale, de la fa\u00e7on dont sa m\u00e8re et son p\u00e8re partageaient leur amour, de la fa\u00e7on dont ses parents s&rsquo;amusaient, de la vie et \u00a0la joie que cela apportait \u00e0 leur foyer.<\/span><\/p>\n<p><span style=\"font-weight: 400;\">Cette transformation a chang\u00e9 sa vie et a inspir\u00e9 Andr\u00e9 \u00e0 poursuivre sa passion dans l\u2019industrie de la cuisine.<\/span><\/p>\n<p><span style=\"font-weight: 400;\">Andr\u00e9 cite: \u00abEn tant qu\u2019artiste, mon inspiration a toujours \u00e9t\u00e9 de cr\u00e9er un impact significatif sur la qualit\u00e9 de vie des gens et j\u2019ai le sentiment de l\u2019avoir trouv\u00e9 dans la conception de cuisines.\u00bb<\/span><\/p>\n<p><span style=\"font-weight: 400;\">Notre blogue TKG est le reflet de tout ce qu&rsquo;une cuisine repr\u00e9sente comme le c\u0153ur du foyer. L&rsquo;\u00e9quipe TKG privil\u00e9gie l\u2019impact positif sur votre vie.<\/span><\/p>\n<p><span style=\"font-weight: 400;\">Ce blogue vise l\u2019effet positif !!<\/span><\/p>\n<p><span style=\"font-weight: 400;\">D\u00e9couvrez le monde merveilleux des cuisines de qualit\u00e9 et leur influence sur nos vies \u00e0 travers la conception, la r\u00e9novation, le style de vie, la gastronomie et notre impact dans la soci\u00e9t\u00e9. Notre philosophie en tant qu\u2019entreprise de <strong><a href=\"https:\/\/thekitchenguy.ca\/fr\/\">conception de cuisines<\/a><\/strong> et de r\u00e9novation r\u00e9sidentielle \u00e0 Ottawa consiste d\u2019\u00e9tablir des relations authentiques et de confiance avec tous les gens que nous croisons.<\/span><\/p>\n<p><span style=\"font-weight: 400;\">Suivez-nous sur notre blogue.<\/span><\/p>\n<p><span style=\"font-weight: 400;\">The Kitchen Guy\u00ae<\/span><\/p>\n<p><i><span style=\"font-weight: 400;\">Changer le monde une cuisine \u00e0 la fois\u2122<\/span><\/i><\/p>\n<p><span style=\"font-weight: 400;\">Fi\u00e8rement au service de la r\u00e9gion d\u2019Ottawa-Gatineau en design de cuisine de qualit\u00e9, armoires, comptoirs et r\u00e9novations depuis 2003<\/span>[\/vc_column_text][\/vc_column][vc_column width=\u00a0\u00bb1\/6&Prime;][\/vc_column][\/mk_page_section][vc_row][vc_column width=\u00a0\u00bb3\/4&Prime;][mk_blog grid_image_height=\u00a0\u00bb400&Prime; post_count=\u00a0\u00bb4&Prime; excerpt_length=\u00a0\u00bb125&Prime;][\/vc_column][vc_column width=\u00a0\u00bb1\/4&Prime;][vc_widget_sidebar sidebar_id=\u00a0\u00bbsidebar-2&Prime;][\/vc_column][\/vc_row][vc_row fullwidth=\u00a0\u00bbtrue\u00a0\u00bb][vc_column]<div class=\"templatera_shortcode\"><style type=\"text\/css\" data-type=\"vc_shortcodes-custom-css\">.vc_custom_1502993548504{background-color: #000000 !important;}<\/style>\r\n<div  data-mk-full-width=\"true\" data-mk-full-width-init=\"false\" data-mk-stretch-content=\"true\" class=\"wpb_row vc_row vc_row-fluid jupiter-donut- mk-fullwidth-true  attched-false padding-top-100 margin-top-1   vc_custom_1502993548504  equal-columns js-master-row  mk-full-content-true\">\r\n\t\t\t\t\r\n<div class=\"vc_col-sm-3 vc_col-lg-offset-1 wpb_column column_container  jupiter-donut- _ jupiter-donut-height-full\">\r\n\t\n\t<div  class=\"wpb_single_image wpb_content_element vc_align_center wpb_content_element\">\n\t\t\n\t\t<figure class=\"wpb_wrapper vc_figure\">\n\t\t\t<div class=\"vc_single_image-wrapper   vc_box_border_grey\"><img loading=\"lazy\" decoding=\"async\" width=\"300\" height=\"188\" src=\"https:\/\/thekitchenguy.ca\/wp-content\/uploads\/2017\/08\/ktg_logo-blanc-300x188.png\" class=\"vc_single_image-img attachment-thumbnail\" alt=\"TKG Blogue\" title=\"ktg_logo-blanc\" srcset=\"https:\/\/thekitchenguy.ca\/wp-content\/uploads\/2017\/08\/ktg_logo-blanc-300x188.png 300w, https:\/\/thekitchenguy.ca\/wp-content\/uploads\/2017\/08\/ktg_logo-blanc-600x376.png 600w, https:\/\/thekitchenguy.ca\/wp-content\/uploads\/2017\/08\/ktg_logo-blanc-800x502.png 800w, https:\/\/thekitchenguy.ca\/wp-content\/uploads\/2017\/08\/ktg_logo-blanc-768x482.png 768w, https:\/\/thekitchenguy.ca\/wp-content\/uploads\/2017\/08\/ktg_logo-blanc-1600x1003.png 1600w\" sizes=\"auto, (max-width: 300px) 100vw, 300px\" itemprop=\"image\" \/><\/div>\n\t\t<\/figure>\n\t<\/div>\n<\/div>\r\n\r\n<div class=\"vc_col-sm-6 vc_col-lg-5 wpb_column column_container  jupiter-donut- _ jupiter-donut-height-full\">\r\n\t\r\n<div id=\"text-block-3\" class=\"mk-text-block  jupiter-donut- \">\r\n\r\n\t\r\n\t<p class=\"text-top\">est fi\u00e8rement <span style=\"color: #fff !important; font-weight: 600;\">accr\u00e9dit\u00e9<\/span><\/p>\n<p class=\"text-bottom\">par le <a href=\"https:\/\/www.bbb.org\/ottawa\/business-reviews\/kitchen-cabinets-and-equipment-household\/the-kitchen-guy-in-gloucester-on-58597\" target=\"_blank\" rel=\"noopener\">Better Business Bureau.<\/a><\/p>\n\r\n\t<div class=\"clearboth\"><\/div>\r\n<\/div>\r\n\r\n<\/div>\r\n\r\n<div class=\"vc_col-sm-2 wpb_column column_container  jupiter-donut- _ jupiter-donut-height-full\">\r\n\t\n\t<div  class=\"wpb_single_image wpb_content_element vc_align_left wpb_content_element  center-img\">\n\t\t\n\t\t<figure class=\"wpb_wrapper vc_figure\">\n\t\t\t<a href=\"https:\/\/www.bbb.org\/ottawa\/business-reviews\/kitchen-cabinets-and-equipment-household\/the-kitchen-guy-in-gloucester-on-58597\" target=\"_blank\" class=\"vc_single_image-wrapper   vc_box_border_grey\"><img decoding=\"async\" class=\"vc_single_image-img \" src=\"https:\/\/thekitchenguy.ca\/wp-content\/uploads\/2017\/08\/better-business-bureau-180x180.png\" width=\"180\" height=\"180\" alt=\"better-business-bureau\" title=\"better-business-bureau\" loading=\"lazy\" \/><\/a>\n\t\t<\/figure>\n\t<\/div>\n<\/div>\r\n\t<\/div>\r\n<div class=\"vc_row-full-width vc_clearfix\"><\/div><\/div>[\/vc_column][\/vc_row]\n<\/div>","protected":false},"excerpt":{"rendered":"Call us @ 613-505-4767 Email us! Request a free estimate Bienvenue au blogue The Kitchen Guy\u00ae! \u00a0Toutes les cuisines ne sont pas identiques! Dans la vie, certains \u00e9v\u00e9nements ont un impact durable sur vous \u00e0 jamais. Pour notre Kitchen Guy original, Andr\u00e9 Gu\u00e9nette, l\u2019un de ces \u00e9v\u00e9nements marquants \u00e9tait la r\u00e9novation de la cuisine familiale [...]","protected":false},"author":22,"featured_media":0,"parent":0,"menu_order":0,"comment_status":"closed","ping_status":"closed","template":"","meta":{"_seopress_robots_primary_cat":"","_seopress_titles_title":"TKG Blogue - Design et R\u00e9novation, Gastronomie, Style de vie, Nouvelles - The Kitchen Guy\u00ae","_seopress_titles_desc":"TKG Blogue - D\u00e9couvrez des articles, des vid\u00e9os et des photos de nos passions: Design & R\u00e9novation, Gastronomie, Style de vie, Nouvelles - The Kitchen Guy\u00ae","_seopress_robots_index":"","footnotes":""},"class_list":["post-2368","page","type-page","status-publish","hentry"],"_links":{"self":[{"href":"https:\/\/thekitchenguy.ca\/fr\/wp-json\/wp\/v2\/pages\/2368","targetHints":{"allow":["GET"]}}],"collection":[{"href":"https:\/\/thekitchenguy.ca\/fr\/wp-json\/wp\/v2\/pages"}],"about":[{"href":"https:\/\/thekitchenguy.ca\/fr\/wp-json\/wp\/v2\/types\/page"}],"author":[{"embeddable":true,"href":"https:\/\/thekitchenguy.ca\/fr\/wp-json\/wp\/v2\/users\/22"}],"replies":[{"embeddable":true,"href":"https:\/\/thekitchenguy.ca\/fr\/wp-json\/wp\/v2\/comments?post=2368"}],"version-history":[{"count":5,"href":"https:\/\/thekitchenguy.ca\/fr\/wp-json\/wp\/v2\/pages\/2368\/revisions"}],"predecessor-version":[{"id":4286,"href":"https:\/\/thekitchenguy.ca\/fr\/wp-json\/wp\/v2\/pages\/2368\/revisions\/4286"}],"wp:attachment":[{"href":"https:\/\/thekitchenguy.ca\/fr\/wp-json\/wp\/v2\/media?parent=2368"}],"curies":[{"name":"wp","href":"https:\/\/api.w.org\/{rel}","templated":true}]}}