{"id":2365,"date":"2017-06-14T09:25:06","date_gmt":"2017-06-14T13:25:06","guid":{"rendered":"https:\/\/thekitchenguy.ca\/our-work\/"},"modified":"2018-10-02T16:01:00","modified_gmt":"2018-10-02T20:01:00","slug":"nos-realisations","status":"publish","type":"page","link":"https:\/\/thekitchenguy.ca\/fr\/nos-realisations\/","title":{"rendered":"Nos r\u00e9alisations"},"content":{"rendered":"<div class=\"wpb-content-wrapper\">[vc_row fullwidth=\u00a0\u00bbtrue\u00a0\u00bb fullwidth_content=\u00a0\u00bbfalse\u00a0\u00bb el_class=\u00a0\u00bbportfolio-our-work\u00a0\u00bb][vc_column][mk_portfolio style=\u00a0\u00bbgrid\u00a0\u00bb hover_scenarios=\u00a0\u00bbcube\u00a0\u00bb count=\u00a0\u00bb12&Prime; categories=\u00a0\u00bbcuisines, salles-de-bain, renovations-fr\u00a0\u00bb][\/vc_column][\/vc_row][vc_row fullwidth=\u00a0\u00bbtrue\u00a0\u00bb][vc_column]<div class=\"templatera_shortcode\"><style type=\"text\/css\" data-type=\"vc_shortcodes-custom-css\">.vc_custom_1502993548504{background-color: #000000 !important;}<\/style>\r\n<div  data-mk-full-width=\"true\" data-mk-full-width-init=\"false\" data-mk-stretch-content=\"true\" class=\"wpb_row vc_row vc_row-fluid jupiter-donut- mk-fullwidth-true  attched-false padding-top-100 margin-top-1   vc_custom_1502993548504  equal-columns js-master-row  mk-full-content-true\">\r\n\t\t\t\t\r\n<div class=\"vc_col-sm-3 vc_col-lg-offset-1 wpb_column column_container  jupiter-donut- _ jupiter-donut-height-full\">\r\n\t\n\t<div  class=\"wpb_single_image wpb_content_element vc_align_center wpb_content_element\">\n\t\t\n\t\t<figure class=\"wpb_wrapper vc_figure\">\n\t\t\t<div class=\"vc_single_image-wrapper   vc_box_border_grey\"><img loading=\"lazy\" decoding=\"async\" width=\"300\" height=\"188\" src=\"https:\/\/thekitchenguy.ca\/wp-content\/uploads\/2017\/08\/ktg_logo-blanc-300x188.png\" class=\"vc_single_image-img attachment-thumbnail\" alt=\"\" title=\"ktg_logo-blanc\" srcset=\"https:\/\/thekitchenguy.ca\/wp-content\/uploads\/2017\/08\/ktg_logo-blanc-300x188.png 300w, https:\/\/thekitchenguy.ca\/wp-content\/uploads\/2017\/08\/ktg_logo-blanc-600x376.png 600w, https:\/\/thekitchenguy.ca\/wp-content\/uploads\/2017\/08\/ktg_logo-blanc-800x502.png 800w, https:\/\/thekitchenguy.ca\/wp-content\/uploads\/2017\/08\/ktg_logo-blanc-768x482.png 768w, https:\/\/thekitchenguy.ca\/wp-content\/uploads\/2017\/08\/ktg_logo-blanc-1600x1003.png 1600w\" sizes=\"auto, (max-width: 300px) 100vw, 300px\" itemprop=\"image\" \/><\/div>\n\t\t<\/figure>\n\t<\/div>\n<\/div>\r\n\r\n<div class=\"vc_col-sm-6 vc_col-lg-5 wpb_column column_container  jupiter-donut- _ jupiter-donut-height-full\">\r\n\t\r\n<div id=\"text-block-3\" class=\"mk-text-block  jupiter-donut- \">\r\n\r\n\t\r\n\t<p class=\"text-top\">est fi\u00e8rement <span style=\"color: #fff !important; font-weight: 600;\">accr\u00e9dit\u00e9<\/span><\/p>\n<p class=\"text-bottom\">par le <a href=\"https:\/\/www.bbb.org\/ottawa\/business-reviews\/kitchen-cabinets-and-equipment-household\/the-kitchen-guy-in-gloucester-on-58597\" target=\"_blank\" rel=\"noopener\">Better Business Bureau.<\/a><\/p>\n\r\n\t<div class=\"clearboth\"><\/div>\r\n<\/div>\r\n\r\n<\/div>\r\n\r\n<div class=\"vc_col-sm-2 wpb_column column_container  jupiter-donut- _ jupiter-donut-height-full\">\r\n\t\n\t<div  class=\"wpb_single_image wpb_content_element vc_align_left wpb_content_element  center-img\">\n\t\t\n\t\t<figure class=\"wpb_wrapper vc_figure\">\n\t\t\t<a href=\"https:\/\/www.bbb.org\/ottawa\/business-reviews\/kitchen-cabinets-and-equipment-household\/the-kitchen-guy-in-gloucester-on-58597\" target=\"_blank\" class=\"vc_single_image-wrapper   vc_box_border_grey\"><img decoding=\"async\" class=\"vc_single_image-img \" src=\"https:\/\/thekitchenguy.ca\/wp-content\/uploads\/2017\/08\/better-business-bureau-180x180.png\" width=\"180\" height=\"180\" alt=\"better-business-bureau\" title=\"better-business-bureau\" loading=\"lazy\" \/><\/a>\n\t\t<\/figure>\n\t<\/div>\n<\/div>\r\n\t<\/div>\r\n<div class=\"vc_row-full-width vc_clearfix\"><\/div><\/div>[\/vc_column][\/vc_row]\n<\/div>","protected":false},"excerpt":{"rendered":"All Cuisines Salles de bain R\u00e9novations CUISINE KEOUGH Contemporaine, Cuisines, Kitchen, Moderne, Nos r\u00e9alisations CUISINE GAGNON Contemporaine, Cuisines, Kitchen, Moderne, Nos r\u00e9alisations CUISINE BREUER Contemporaine, Cuisines, Moderne, Nos r\u00e9alisations CUISINE LANGLOIS REAGAN Contemporaine, Cuisines, Kitchen, Moderne, Nos r\u00e9alisations CUISINE BEAULAC Contemporaine, Cuisines, Kitchen, Moderne, Nos r\u00e9alisations CUISINE LEVAC Contemporaine, Cuisines, Kitchen, Moderne, Nos r\u00e9alisations CUISINE [...]","protected":false},"author":2,"featured_media":0,"parent":0,"menu_order":0,"comment_status":"closed","ping_status":"closed","template":"","meta":{"_seopress_robots_primary_cat":"","_seopress_titles_title":"","_seopress_titles_desc":"","_seopress_robots_index":"","footnotes":""},"class_list":["post-2365","page","type-page","status-publish","hentry"],"_links":{"self":[{"href":"https:\/\/thekitchenguy.ca\/fr\/wp-json\/wp\/v2\/pages\/2365","targetHints":{"allow":["GET"]}}],"collection":[{"href":"https:\/\/thekitchenguy.ca\/fr\/wp-json\/wp\/v2\/pages"}],"about":[{"href":"https:\/\/thekitchenguy.ca\/fr\/wp-json\/wp\/v2\/types\/page"}],"author":[{"embeddable":true,"href":"https:\/\/thekitchenguy.ca\/fr\/wp-json\/wp\/v2\/users\/2"}],"replies":[{"embeddable":true,"href":"https:\/\/thekitchenguy.ca\/fr\/wp-json\/wp\/v2\/comments?post=2365"}],"version-history":[{"count":3,"href":"https:\/\/thekitchenguy.ca\/fr\/wp-json\/wp\/v2\/pages\/2365\/revisions"}],"predecessor-version":[{"id":3864,"href":"https:\/\/thekitchenguy.ca\/fr\/wp-json\/wp\/v2\/pages\/2365\/revisions\/3864"}],"wp:attachment":[{"href":"https:\/\/thekitchenguy.ca\/fr\/wp-json\/wp\/v2\/media?parent=2365"}],"curies":[{"name":"wp","href":"https:\/\/api.w.org\/{rel}","templated":true}]}}