{"id":2297,"date":"2017-01-23T15:54:54","date_gmt":"2017-01-23T20:54:54","guid":{"rendered":"https:\/\/thekitchenguy.ca\/products\/countertops\/"},"modified":"2019-04-03T18:07:48","modified_gmt":"2019-04-03T22:07:48","slug":"comptoirs","status":"publish","type":"page","link":"https:\/\/thekitchenguy.ca\/fr\/produits\/comptoirs\/","title":{"rendered":"Comptoirs"},"content":{"rendered":"<div class=\"wpb-content-wrapper\">[vc_row][vc_column][vc_row_inner][vc_column_inner]<div class=\"templatera_shortcode\">\r\n<div  id=\"ex-button-block\" data-mk-stretch-content=\"true\" class=\"wpb_row vc_row vc_row-fluid jupiter-donut- mk-fullwidth-false  attched-false     js-master-row  mk-grid\">\r\n\t\t\t\t\r\n<div class=\"vc_col-sm-12 ex-button-block-column wpb_column column_container  jupiter-donut- _ jupiter-donut-height-full\">\r\n\t\r\n\r\n<div class=\"wpb_row vc_inner vc_row vc_row-fluid jupiter-donut-   attched-false   \">\r\n\t\t\t<div class=\"ex-button-img-column wpb_column vc_column_container vc_col-sm-12\"><div class=\"vc_column-inner\"><div class=\"wpb_wrapper\">\r\n<div id=\"text-block-2\" class=\"mk-text-block  jupiter-donut- ex-button-text ex-button-text1\">\r\n\r\n\t\r\n\t<p>Appelez-nous @ 613-505-4767<\/p>\n\r\n\t<div class=\"clearboth\"><\/div>\r\n<\/div>\r\n\r\n\n\t<div  class=\"wpb_single_image wpb_content_element vc_align_center wpb_content_element wpb_animate_when_almost_visible wpb_fadeIn fadeIn  ex-button-image ex-button-image1\">\n\t\t\n\t\t<figure class=\"wpb_wrapper vc_figure\">\n\t\t\t<a href=\"tel:%20613-505-4767\" target=\"_self\" class=\"vc_single_image-wrapper vc_box_circle  vc_box_border_grey\"><img decoding=\"async\" class=\"vc_single_image-img \" src=\"https:\/\/thekitchenguy.ca\/wp-content\/uploads\/2017\/02\/phone-icon-70x70.png\" width=\"70\" height=\"70\" alt=\"phone-icon\" title=\"phone-icon\" loading=\"lazy\" \/><\/a>\n\t\t<\/figure>\n\t<\/div>\n<\/div><\/div><\/div>\t<\/div>\r\n\r\n\r\n<div class=\"wpb_row vc_inner vc_row vc_row-fluid jupiter-donut-   attched-false   \">\r\n\t\t\t<div class=\"ex-button-img-column wpb_column vc_column_container vc_col-sm-12\"><div class=\"vc_column-inner\"><div class=\"wpb_wrapper\">\r\n<div id=\"text-block-3\" class=\"mk-text-block  jupiter-donut- ex-button-text ex-button-text2\">\r\n\r\n\t\r\n\t<p>\u00c9crivez-nous!<\/p>\n\r\n\t<div class=\"clearboth\"><\/div>\r\n<\/div>\r\n\r\n\n\t<div  class=\"wpb_single_image wpb_content_element vc_align_center wpb_content_element wpb_animate_when_almost_visible wpb_fadeIn fadeIn  ex-button-image ex-button-image2\">\n\t\t\n\t\t<figure class=\"wpb_wrapper vc_figure\">\n\t\t\t<a href=\"mailto:clientcare@thekitchenguy.ca\" target=\"_self\" class=\"vc_single_image-wrapper vc_box_circle  vc_box_border_grey\"><img decoding=\"async\" class=\"vc_single_image-img \" src=\"https:\/\/thekitchenguy.ca\/wp-content\/uploads\/2017\/02\/email-icon-70x70.png\" width=\"70\" height=\"70\" alt=\"email-icon\" title=\"email-icon\" loading=\"lazy\" \/><\/a>\n\t\t<\/figure>\n\t<\/div>\n<\/div><\/div><\/div>\t<\/div>\r\n\r\n\r\n<div class=\"wpb_row vc_inner vc_row vc_row-fluid jupiter-donut-   attched-false   \">\r\n\t\t\t<div class=\"ex-button-img-column wpb_column vc_column_container vc_col-sm-12\"><div class=\"vc_column-inner\"><div class=\"wpb_wrapper\">\r\n<div id=\"text-block-4\" class=\"mk-text-block  jupiter-donut- ex-button-text ex-button-text3\">\r\n\r\n\t\r\n\t<p>Demandez une estimation gratuite<\/p>\n\r\n\t<div class=\"clearboth\"><\/div>\r\n<\/div>\r\n\r\n\n\t<div  class=\"wpb_single_image wpb_content_element vc_align_center wpb_content_element wpb_animate_when_almost_visible wpb_fadeIn fadeIn  ex-button-image ex-button-image3\">\n\t\t\n\t\t<figure class=\"wpb_wrapper vc_figure\">\n\t\t\t<a href=\"https:\/\/thekitchenguy.ca\/free-estimate\/\" target=\"_self\" class=\"vc_single_image-wrapper vc_box_circle  vc_box_border_grey\"><img decoding=\"async\" class=\"vc_single_image-img \" src=\"https:\/\/thekitchenguy.ca\/wp-content\/uploads\/2017\/02\/contact-form-icon-70x70.png\" width=\"70\" height=\"70\" alt=\"contact-form-icon\" title=\"contact-form-icon\" loading=\"lazy\" \/><\/a>\n\t\t<\/figure>\n\t<\/div>\n<\/div><\/div><\/div>\t<\/div>\r\n<\/div>\r\n\t<\/div>\r\n<\/div>[\/vc_column_inner][\/vc_row_inner][\/vc_column][\/vc_row][mk_page_section bg_image=\u00a0\u00bbhttps:\/\/thekitchenguy.ca\/wp-content\/uploads\/2019\/04\/roy-countertop_the-kitchen-guy.jpg\u00a0\u00bb bg_image_portrait=\u00a0\u00bbhttps:\/\/thekitchenguy.ca\/wp-content\/uploads\/2017\/01\/countertops-photos.jpg\u00a0\u00bb bg_position=\u00a0\u00bbcenter center\u00a0\u00bb bg_repeat=\u00a0\u00bbno-repeat\u00a0\u00bb bg_stretch=\u00a0\u00bbtrue\u00a0\u00bb video_opacity=\u00a0\u00bb0&Prime; min_height=\u00a0\u00bb0&Prime; skip_arrow=\u00a0\u00bbtrue\u00a0\u00bb skip_arrow_skin=\u00a0\u00bbdark\u00a0\u00bb top_shape_color=\u00a0\u00bb#ffffff\u00a0\u00bb bottom_shape_color=\u00a0\u00bb#ffffff\u00a0\u00bb sidebar=\u00a0\u00bbsidebar-1&Prime;][vc_column][vc_row_inner][vc_column_inner width=\u00a0\u00bb2\/12&Prime;][\/vc_column_inner][vc_column_inner width=\u00a0\u00bb2\/3&Prime; css=\u00a0\u00bb.vc_custom_1493840267531{margin-top: 100px !important;margin-bottom: 100px !important;background-color: rgba(255,255,255,0.65) !important;*background-color: rgb(255,255,255) !important;}\u00a0\u00bb][mk_fancy_title color=\u00a0\u00bb#000000&Prime; size=\u00a0\u00bb30&Prime; font_family=\u00a0\u00bbnone\u00a0\u00bb align=\u00a0\u00bbcenter\u00a0\u00bb]COMPTOIRS[\/mk_fancy_title][vc_column_text css=\u00a0\u00bb.vc_custom_1554298103230{margin-bottom: 0px !important;}\u00a0\u00bb]\n<p style=\"text-align: center;\">The Kitchen Guy\u00ae collabore avec tous les principaux distributeurs de pierre \u00e0 Ottawa Gatineau.<\/p>\n<p style=\"text-align: center;\">Nous sommes fier d\u00e9taillant des <strong>comptoirs de quartz Cambria<\/strong>. Consultez Cambria Designs ci-dessous.<\/p>\n<p style=\"text-align: center;\"><a href=\"https:\/\/thekitchenguy.ca\/fr\/estimation-gratuite\/\"><strong>R\u00e9servez votre consultation gratuite pour voir nos \u00e9chantillons ou envoyez-nous vos plans pour une estimation gratuite!<\/strong><\/a><\/p>\n[\/vc_column_text][mk_button dimension=\u00a0\u00bbflat\u00a0\u00bb size=\u00a0\u00bbmedium\u00a0\u00bb url=\u00a0\u00bb#styles-et-couleurs\u00a0\u00bb align=\u00a0\u00bbcenter\u00a0\u00bb margin_right=\u00a0\u00bb0&Prime; el_class=\u00a0\u00bbblackborderbtn\u00a0\u00bb bg_color=\u00a0\u00bbrgba(0,0,0,0.01)\u00a0\u00bb btn_hover_bg=\u00a0\u00bb#000000&Prime; text_color=\u00a0\u00bbdark\u00a0\u00bb btn_hover_txt_color=\u00a0\u00bb#ffffff\u00a0\u00bb]STYLES &amp; COULEURS[\/mk_button][\/vc_column_inner][vc_column_inner width=\u00a0\u00bb2\/12&Prime;][\/vc_column_inner][\/vc_row_inner][\/vc_column][\/mk_page_section][vc_row fullwidth=\u00a0\u00bbtrue\u00a0\u00bb fullwidth_content=\u00a0\u00bbfalse\u00a0\u00bb css=\u00a0\u00bb.vc_custom_1485204039946{background-color: #f2f3f3 !important;}\u00a0\u00bb][vc_column][mk_padding_divider size=\u00a0\u00bb80&Prime;][mk_fancy_title color=\u00a0\u00bb#000000&Prime; size=\u00a0\u00bb50&Prime; force_font_size=\u00a0\u00bbtrue\u00a0\u00bb size_tablet=\u00a0\u00bb40&Prime; size_phone=\u00a0\u00bb30&Prime; font_weight=\u00a0\u00bb400&Prime; txt_transform=\u00a0\u00bbuppercase\u00a0\u00bb font_family=\u00a0\u00bbPoppins\u00a0\u00bb font_type=\u00a0\u00bbgoogle\u00a0\u00bb animation=\u00a0\u00bbright-to-left\u00a0\u00bb]Comptoirs[\/mk_fancy_title][vc_row_inner][vc_column_inner width=\u00a0\u00bb1\/4&Prime;][vc_single_image image=\u00a0\u00bb4363&Prime; img_size=\u00a0\u00bbfull\u00a0\u00bb][\/vc_column_inner][vc_column_inner width=\u00a0\u00bb3\/4&Prime;][mk_padding_divider size=\u00a0\u00bb30&Prime;][vc_column_text css=\u00a0\u00bb.vc_custom_1554234508895{margin-bottom: 0px !important;}\u00a0\u00bb]Les comptoirs de pierre tels que le granite et le quartz sont devenus la nouvelle norme dans nos cuisines et nos salles de bain depuis une quinzaine d&rsquo;ann\u00e9es. Consid\u00e9rez la valeur de votre investissement lors de la s\u00e9lection de votre comptoir. Avec les <strong>comptoirs de quartz Cambria<\/strong>, vous ajouterez un tout un effet WOW \u00e0 votre cuisine ou votre salle de bain tout en ajoutant une valeur maximale \u00e0 votre maison.<\/p>\n<h4>D\u00e9couvrez les <strong>Designs Cambria<\/strong> ci-dessous et <em><strong><a href=\"https:\/\/thekitchenguy.ca\/fr\/estimation-gratuite\/\">Cliquez ici pour nous envoyez vos plans pour une estimation gratuite.<\/a><\/strong><\/em><\/h4>\n[\/vc_column_text][\/vc_column_inner][\/vc_row_inner][mk_padding_divider size=\u00a0\u00bb80&Prime;][\/vc_column][\/vc_row][vc_row fullwidth=\u00a0\u00bbtrue\u00a0\u00bb fullwidth_content=\u00a0\u00bbfalse\u00a0\u00bb id=\u00a0\u00bbstyles-et-couleurs\u00a0\u00bb css=\u00a0\u00bb.vc_custom_1554153575903{padding-top: 50px !important;background-color: #ffffff !important;}\u00a0\u00bb][vc_column css=\u00a0\u00bb.vc_custom_1554153564192{background-color: #ffffff !important;}\u00a0\u00bb][vc_raw_html]JTNDaWZyYW1lJTIwc3JjJTNEJTIyaHR0cHMlM0ElMkYlMkZ3d3cuY2FtYnJpYXVzYS5jb20lMkZ2NiUyRlN5bmRpY2F0aW9uJTJGRGVzaWducyUyMiUyMHdpZHRoJTNEJTIyMTAwJTI1JTIyJTIwaGVpZ2h0JTNEJTIyMTA1MCUyMiUyMGZyYW1lYm9yZGVyJTNEJTIyMCUyMiUyMHNjcm9sbGluZyUzRCUyMm5vJTIyJTIwc3R5bGUlM0QlMjJvdmVyZmxvdyUzQWhpZGRlbiUzQiUyMiUzRSUzQyUyRmlmcmFtZSUzRQ==[\/vc_raw_html][\/vc_column][\/vc_row][vc_row fullwidth=\u00a0\u00bbtrue\u00a0\u00bb css=\u00a0\u00bb.vc_custom_1493990108890{background-color: #000000 !important;}\u00a0\u00bb][vc_column]<div class=\"templatera_shortcode\">\r\n<div class=\"mk-page-section-wrapper\" data-mk-full-width=\"true\" data-mk-full-width-init=\"true\" data-mk-stretch-content=\"true\">\r\n\t<div id=\"read-our-blog\" class=\"mk-page-section self-hosted   full_layout full-width-5 js-el js-master-row jupiter-donut-   \"    data-intro-effect=\"false\">\r\n\r\n\t\t\t\r\n\t\t\t<div class=\"mk-page-section-inner\">\r\n\t\t\t\t\r\n\r\n\r\n<div class=\"mk-video-color-mask\"><\/div>\r\n\r\n\t\t\t\t\r\n\t\t\t\t\t\t\t<\/div>\r\n\r\n\t\t\t\r\n        <div class=\"page-section-content vc_row-fluid mk-grid \" >\r\n            <div class=\"mk-padding-wrapper wpb_row\">\r\n<div class=\"vc_col-sm-4 wpb_column column_container  jupiter-donut- _ jupiter-donut-height-full\">\r\n\t\n\t<div  class=\"wpb_single_image wpb_content_element vc_align_left wpb_content_element\">\n\t\t\n\t\t<figure class=\"wpb_wrapper vc_figure\">\n\t\t\t<div class=\"vc_single_image-wrapper   vc_box_border_grey\"><img loading=\"lazy\" decoding=\"async\" width=\"300\" height=\"174\" src=\"https:\/\/thekitchenguy.ca\/wp-content\/uploads\/2016\/04\/tkg-blog-blanc-300x174.png\" class=\"vc_single_image-img attachment-thumbnail\" alt=\"Cambria,comptoirs de quartz Cambria\" title=\"The Kitchen Guy Blog\" srcset=\"https:\/\/thekitchenguy.ca\/wp-content\/uploads\/2016\/04\/tkg-blog-blanc-300x174.png 300w, https:\/\/thekitchenguy.ca\/wp-content\/uploads\/2016\/04\/tkg-blog-blanc-600x349.png 600w, https:\/\/thekitchenguy.ca\/wp-content\/uploads\/2016\/04\/tkg-blog-blanc-800x465.png 800w, https:\/\/thekitchenguy.ca\/wp-content\/uploads\/2016\/04\/tkg-blog-blanc-768x447.png 768w, https:\/\/thekitchenguy.ca\/wp-content\/uploads\/2016\/04\/tkg-blog-blanc-1600x931.png 1600w\" sizes=\"auto, (max-width: 300px) 100vw, 300px\" itemprop=\"image\" \/><\/div>\n\t\t<\/figure>\n\t<\/div>\n<\/div>\r\n\r\n<div class=\"vc_col-sm-8 wpb_column column_container  jupiter-donut- _ jupiter-donut-height-full\">\r\n\t\r\n<h5 id=\"fancy-title-8\" class=\"mk-fancy-title  simple-style jupiter-donut-  color-single\">\r\n\t<span>\r\n\t\t\t\t<p>Lisez notre dernier <a class=\"cta-blog\" style=\"font-weight: 500; color: #fff;\" href=\"https:\/\/thekitchenguy.ca\/fr\/blogue\/\">blogue<\/a>! Restez branch\u00e9.<\/p>\n\t\t\t<\/span>\r\n<\/h5>\r\n<div class=\"clearboth\"><\/div>\r\n\r\n\r\n\r\n<\/div>\r\n<\/div>\r\n            <div class=\"clearboth\"><\/div>\r\n        <\/div>\r\n\r\n\r\n\t\t\t\r\n\t\t\t\r\n\t\t\t\r\n\t\t<div class=\"clearboth\"><\/div>\r\n\t<\/div>\r\n<\/div>\r\n<div class=\"vc_row-full-width vc_clearfix\"><\/div>\r\n\r\n<\/div>[\/vc_column][\/vc_row][vc_row fullwidth=\u00a0\u00bbtrue\u00a0\u00bb][vc_column]<div class=\"templatera_shortcode\"><style type=\"text\/css\" data-type=\"vc_shortcodes-custom-css\">.vc_custom_1502993573756{background-color: #e5e5e5 !important;}<\/style>\r\n<div  data-mk-full-width=\"true\" data-mk-full-width-init=\"false\" data-mk-stretch-content=\"true\" class=\"wpb_row vc_row vc_row-fluid jupiter-donut- mk-fullwidth-true  attched-false padding-top-100-1 margin-top-1   vc_custom_1502993573756  equal-columns js-master-row  mk-full-content-true\">\r\n\t\t\t\t\r\n<div class=\"vc_col-sm-3 vc_col-lg-offset-1 wpb_column column_container  jupiter-donut- _ jupiter-donut-height-full\">\r\n\t\n\t<div  class=\"wpb_single_image wpb_content_element vc_align_center wpb_content_element\">\n\t\t\n\t\t<figure class=\"wpb_wrapper vc_figure\">\n\t\t\t<div class=\"vc_single_image-wrapper   vc_box_border_grey\"><img loading=\"lazy\" decoding=\"async\" width=\"300\" height=\"243\" src=\"https:\/\/thekitchenguy.ca\/wp-content\/uploads\/2017\/04\/logo-tkg-bigger-r-300x243.png\" class=\"vc_single_image-img attachment-thumbnail\" alt=\"The Kitchen Logo\" title=\"logo-tkg\" srcset=\"https:\/\/thekitchenguy.ca\/wp-content\/uploads\/2017\/04\/logo-tkg-bigger-r-300x243.png 300w, https:\/\/thekitchenguy.ca\/wp-content\/uploads\/2017\/04\/logo-tkg-bigger-r-1600x1300.png 1600w, https:\/\/thekitchenguy.ca\/wp-content\/uploads\/2017\/04\/logo-tkg-bigger-r.png 320w\" sizes=\"auto, (max-width: 300px) 100vw, 300px\" itemprop=\"image\" \/><\/div>\n\t\t<\/figure>\n\t<\/div>\n<\/div>\r\n\r\n<div class=\"vc_col-sm-6 vc_col-lg-5 vc_col-md-6 wpb_column column_container  jupiter-donut- _ jupiter-donut-height-full\">\r\n\t\r\n<div id=\"text-block-11\" class=\"mk-text-block  jupiter-donut- \">\r\n\r\n\t\r\n\t<p class=\"text-top-1\">est <span style=\"color: #000 !important; font-weight: 600;\">membre<\/span><\/p>\n<p class=\"text-bottom-1\"><a href=\"https:\/\/www.nkba.org\" target=\"_blank\" rel=\"noopener\">du National Kitchen and Bath Association.<\/a><\/p>\n\r\n\t<div class=\"clearboth\"><\/div>\r\n<\/div>\r\n\r\n<\/div>\r\n\r\n<div class=\"vc_col-sm-2 wpb_column column_container  jupiter-donut- _ jupiter-donut-height-full\">\r\n\t\n\t<div  class=\"wpb_single_image wpb_content_element vc_align_right wpb_content_element  center-img-1\">\n\t\t\n\t\t<figure class=\"wpb_wrapper vc_figure\">\n\t\t\t<a href=\"https:\/\/www.nkba.org\" target=\"_blank\" class=\"vc_single_image-wrapper   vc_box_border_grey\"><img decoding=\"async\" class=\"vc_single_image-img \" src=\"https:\/\/thekitchenguy.ca\/wp-content\/uploads\/2017\/08\/nkba_logo.png\" width=\"200\" height=\"123\" alt=\"nkba_logo\" title=\"nkba_logo\" loading=\"lazy\" \/><\/a>\n\t\t<\/figure>\n\t<\/div>\n<\/div>\r\n\t<\/div>\r\n<div class=\"vc_row-full-width vc_clearfix\"><\/div><\/div>[\/vc_column][\/vc_row][vc_row fullwidth=\u00a0\u00bbtrue\u00a0\u00bb][vc_column][mk_portfolio style=\u00a0\u00bbgrid\u00a0\u00bb hover_scenarios=\u00a0\u00bbcube\u00a0\u00bb grid_spacing=\u00a0\u00bb0&Prime; meta_type=\u00a0\u00bbnone\u00a0\u00bb permalink_icon=\u00a0\u00bbfalse\u00a0\u00bb zoom_icon=\u00a0\u00bbfalse\u00a0\u00bb count=\u00a0\u00bb3&Prime; sortable=\u00a0\u00bbfalse\u00a0\u00bb pagination=\u00a0\u00bbfalse\u00a0\u00bb order=\u00a0\u00bbASC\u00a0\u00bb posts=\u00a0\u00bb1499, 1468, 1475&Prime;][\/vc_column][\/vc_row]\n<\/div>","protected":false},"excerpt":{"rendered":"Appelez-nous @ 613-505-4767 \u00c9crivez-nous! Demandez une estimation gratuite COMPTOIRS The Kitchen Guy\u00ae collabore avec tous les principaux distributeurs de pierre \u00e0 Ottawa Gatineau. Nous sommes fier d\u00e9taillant des comptoirs de quartz Cambria. Consultez Cambria Designs ci-dessous. R\u00e9servez votre consultation gratuite pour voir nos \u00e9chantillons ou envoyez-nous vos plans pour une estimation gratuite! STYLES &amp; COULEURS [...]","protected":false},"author":13,"featured_media":0,"parent":2291,"menu_order":0,"comment_status":"closed","ping_status":"closed","template":"","meta":{"_seopress_robots_primary_cat":"","_seopress_titles_title":"Cambria - Les meilleurs comptoirs de quartz | The Kitchen Guy\u00ae","_seopress_titles_desc":"The Kitchen Guy\u00ae est d\u00e9taillant des comptoirs de quartz Cambria! D\u00e9couvrez les Designs Cambria en ligne. Contactez-nous pour une estimation gratuite.","_seopress_robots_index":"","footnotes":""},"class_list":["post-2297","page","type-page","status-publish","hentry"],"_links":{"self":[{"href":"https:\/\/thekitchenguy.ca\/fr\/wp-json\/wp\/v2\/pages\/2297","targetHints":{"allow":["GET"]}}],"collection":[{"href":"https:\/\/thekitchenguy.ca\/fr\/wp-json\/wp\/v2\/pages"}],"about":[{"href":"https:\/\/thekitchenguy.ca\/fr\/wp-json\/wp\/v2\/types\/page"}],"author":[{"embeddable":true,"href":"https:\/\/thekitchenguy.ca\/fr\/wp-json\/wp\/v2\/users\/13"}],"replies":[{"embeddable":true,"href":"https:\/\/thekitchenguy.ca\/fr\/wp-json\/wp\/v2\/comments?post=2297"}],"version-history":[{"count":11,"href":"https:\/\/thekitchenguy.ca\/fr\/wp-json\/wp\/v2\/pages\/2297\/revisions"}],"predecessor-version":[{"id":4335,"href":"https:\/\/thekitchenguy.ca\/fr\/wp-json\/wp\/v2\/pages\/2297\/revisions\/4335"}],"up":[{"embeddable":true,"href":"https:\/\/thekitchenguy.ca\/fr\/wp-json\/wp\/v2\/pages\/2291"}],"wp:attachment":[{"href":"https:\/\/thekitchenguy.ca\/fr\/wp-json\/wp\/v2\/media?parent=2297"}],"curies":[{"name":"wp","href":"https:\/\/api.w.org\/{rel}","templated":true}]}}