{"id":2281,"date":"2017-01-26T09:45:03","date_gmt":"2017-01-26T14:45:03","guid":{"rendered":"https:\/\/thekitchenguy.ca\/services\/bathroom\/"},"modified":"2019-02-23T17:23:49","modified_gmt":"2019-02-23T22:23:49","slug":"salle-de-bain","status":"publish","type":"page","link":"https:\/\/thekitchenguy.ca\/fr\/services\/salle-de-bain\/","title":{"rendered":"Salle de bain"},"content":{"rendered":"<div class=\"wpb-content-wrapper\">[vc_row][vc_column]<div class=\"templatera_shortcode\">\r\n<div  id=\"ex-button-block\" data-mk-stretch-content=\"true\" class=\"wpb_row vc_row vc_row-fluid jupiter-donut- mk-fullwidth-false  attched-false     js-master-row  mk-grid\">\r\n\t\t\t\t\r\n<div class=\"vc_col-sm-12 ex-button-block-column wpb_column column_container  jupiter-donut- _ jupiter-donut-height-full\">\r\n\t\r\n\r\n<div class=\"wpb_row vc_inner vc_row vc_row-fluid jupiter-donut-   attched-false   \">\r\n\t\t\t<div class=\"ex-button-img-column wpb_column vc_column_container vc_col-sm-12\"><div class=\"vc_column-inner\"><div class=\"wpb_wrapper\">\r\n<div id=\"text-block-2\" class=\"mk-text-block  jupiter-donut- ex-button-text ex-button-text1\">\r\n\r\n\t\r\n\t<p>Appelez-nous @ 613-505-4767<\/p>\n\r\n\t<div class=\"clearboth\"><\/div>\r\n<\/div>\r\n\r\n\n\t<div  class=\"wpb_single_image wpb_content_element vc_align_center wpb_content_element wpb_animate_when_almost_visible wpb_fadeIn fadeIn  ex-button-image ex-button-image1\">\n\t\t\n\t\t<figure class=\"wpb_wrapper vc_figure\">\n\t\t\t<a href=\"tel:%20613-505-4767\" target=\"_self\" class=\"vc_single_image-wrapper vc_box_circle  vc_box_border_grey\"><img decoding=\"async\" class=\"vc_single_image-img \" src=\"https:\/\/thekitchenguy.ca\/wp-content\/uploads\/2017\/02\/phone-icon-70x70.png\" width=\"70\" height=\"70\" alt=\"phone-icon\" title=\"phone-icon\" loading=\"lazy\" \/><\/a>\n\t\t<\/figure>\n\t<\/div>\n<\/div><\/div><\/div>\t<\/div>\r\n\r\n\r\n<div class=\"wpb_row vc_inner vc_row vc_row-fluid jupiter-donut-   attched-false   \">\r\n\t\t\t<div class=\"ex-button-img-column wpb_column vc_column_container vc_col-sm-12\"><div class=\"vc_column-inner\"><div class=\"wpb_wrapper\">\r\n<div id=\"text-block-3\" class=\"mk-text-block  jupiter-donut- ex-button-text ex-button-text2\">\r\n\r\n\t\r\n\t<p>\u00c9crivez-nous!<\/p>\n\r\n\t<div class=\"clearboth\"><\/div>\r\n<\/div>\r\n\r\n\n\t<div  class=\"wpb_single_image wpb_content_element vc_align_center wpb_content_element wpb_animate_when_almost_visible wpb_fadeIn fadeIn  ex-button-image ex-button-image2\">\n\t\t\n\t\t<figure class=\"wpb_wrapper vc_figure\">\n\t\t\t<a href=\"mailto:clientcare@thekitchenguy.ca\" target=\"_self\" class=\"vc_single_image-wrapper vc_box_circle  vc_box_border_grey\"><img decoding=\"async\" class=\"vc_single_image-img \" src=\"https:\/\/thekitchenguy.ca\/wp-content\/uploads\/2017\/02\/email-icon-70x70.png\" width=\"70\" height=\"70\" alt=\"email-icon\" title=\"email-icon\" loading=\"lazy\" \/><\/a>\n\t\t<\/figure>\n\t<\/div>\n<\/div><\/div><\/div>\t<\/div>\r\n\r\n\r\n<div class=\"wpb_row vc_inner vc_row vc_row-fluid jupiter-donut-   attched-false   \">\r\n\t\t\t<div class=\"ex-button-img-column wpb_column vc_column_container vc_col-sm-12\"><div class=\"vc_column-inner\"><div class=\"wpb_wrapper\">\r\n<div id=\"text-block-4\" class=\"mk-text-block  jupiter-donut- ex-button-text ex-button-text3\">\r\n\r\n\t\r\n\t<p>Demandez une estimation gratuite<\/p>\n\r\n\t<div class=\"clearboth\"><\/div>\r\n<\/div>\r\n\r\n\n\t<div  class=\"wpb_single_image wpb_content_element vc_align_center wpb_content_element wpb_animate_when_almost_visible wpb_fadeIn fadeIn  ex-button-image ex-button-image3\">\n\t\t\n\t\t<figure class=\"wpb_wrapper vc_figure\">\n\t\t\t<a href=\"https:\/\/thekitchenguy.ca\/free-estimate\/\" target=\"_self\" class=\"vc_single_image-wrapper vc_box_circle  vc_box_border_grey\"><img decoding=\"async\" class=\"vc_single_image-img \" src=\"https:\/\/thekitchenguy.ca\/wp-content\/uploads\/2017\/02\/contact-form-icon-70x70.png\" width=\"70\" height=\"70\" alt=\"contact-form-icon\" title=\"contact-form-icon\" loading=\"lazy\" \/><\/a>\n\t\t<\/figure>\n\t<\/div>\n<\/div><\/div><\/div>\t<\/div>\r\n<\/div>\r\n\t<\/div>\r\n<\/div>[\/vc_column][\/vc_row][mk_page_section bg_image=\u00a0\u00bbhttps:\/\/thekitchenguy.ca\/wp-content\/uploads\/2017\/01\/modern-bathroom-dark.jpg\u00a0\u00bb bg_image_portrait=\u00a0\u00bbhttps:\/\/thekitchenguy.ca\/wp-content\/uploads\/2017\/01\/modern-bathroom-dark.jpg\u00a0\u00bb bg_position=\u00a0\u00bbcenter center\u00a0\u00bb bg_repeat=\u00a0\u00bbno-repeat\u00a0\u00bb bg_stretch=\u00a0\u00bbtrue\u00a0\u00bb video_loop=\u00a0\u00bbfalse\u00a0\u00bb video_opacity=\u00a0\u00bb0&Prime; min_height=\u00a0\u00bb0&Prime; padding_top=\u00a0\u00bb60&Prime; padding_bottom=\u00a0\u00bb60&Prime; skip_arrow=\u00a0\u00bbtrue\u00a0\u00bb top_shape_color=\u00a0\u00bb#ffffff\u00a0\u00bb bottom_shape_color=\u00a0\u00bb#ffffff\u00a0\u00bb sidebar=\u00a0\u00bbsidebar-1&Prime;][vc_column][vc_row_inner][vc_column_inner width=\u00a0\u00bb2\/12&Prime;][\/vc_column_inner][vc_column_inner width=\u00a0\u00bb2\/3&Prime; css=\u00a0\u00bb.vc_custom_1493840267531{margin-top: 100px !important;margin-bottom: 100px !important;background-color: rgba(255,255,255,0.65) !important;*background-color: rgb(255,255,255) !important;}\u00a0\u00bb][mk_fancy_title tag_name=\u00a0\u00bbh1&Prime; color=\u00a0\u00bb#000000&Prime; size=\u00a0\u00bb30&Prime; font_family=\u00a0\u00bbnone\u00a0\u00bb align=\u00a0\u00bbcenter\u00a0\u00bb]DESIGN &amp; R\u00c9NOVATION DE SALLE DE BAINS[\/mk_fancy_title][vc_column_text]\n<p style=\"text-align: center;\">Un design de salle de bain personnalis\u00e9 est un investissement judicieux pour votre maison. \u00c9vadez-vous dans votre propre paradis de s\u00e9r\u00e9nit\u00e9 et succombez au bien-\u00eatre et \u00e0 la tranquillit\u00e9.<\/p>\n[\/vc_column_text][\/vc_column_inner][vc_column_inner width=\u00a0\u00bb2\/12&Prime;][\/vc_column_inner][\/vc_row_inner][\/vc_column][\/mk_page_section][mk_page_section bg_color=\u00a0\u00bb#f2f3f3&Prime; bg_repeat=\u00a0\u00bbno-repeat\u00a0\u00bb bg_stretch=\u00a0\u00bbtrue\u00a0\u00bb video_opacity=\u00a0\u00bb1&Prime; padding_top=\u00a0\u00bb80&Prime; padding_bottom=\u00a0\u00bb80&Prime; top_shape_color=\u00a0\u00bb#ffffff\u00a0\u00bb bottom_shape_color=\u00a0\u00bb#ffffff\u00a0\u00bb section_id=\u00a0\u00bbour-styles\u00a0\u00bb sidebar=\u00a0\u00bbsidebar-1&Prime;][vc_column][mk_fancy_title tag_name=\u00a0\u00bbh3&Prime; color=\u00a0\u00bb#000000&Prime; size=\u00a0\u00bb56&Prime; force_font_size=\u00a0\u00bbtrue\u00a0\u00bb size_tablet=\u00a0\u00bb40&Prime; font_weight=\u00a0\u00bb300&Prime; txt_transform=\u00a0\u00bbnone\u00a0\u00bb margin_bottom=\u00a0\u00bb0&Prime; font_family=\u00a0\u00bbPoppins\u00a0\u00bb font_type=\u00a0\u00bbgoogle\u00a0\u00bb animation=\u00a0\u00bbright-to-left\u00a0\u00bb]DESIGN DE SALLE DE BAIN[\/mk_fancy_title][mk_padding_divider][vc_column_text]La salle de bain d&rsquo;aujourd&rsquo;hui est un sanctuaire pour vous r\u00e9fugier apr\u00e8s une longue journ\u00e9e \u00e9puisante. Imaginez vous chouchouter dans votre propre spa personnel et oublier les soucis de la journ\u00e9e.[\/vc_column_text][\/vc_column][\/mk_page_section][mk_page_section layout_structure=\u00a0\u00bbhalf_right\u00a0\u00bb bg_image=\u00a0\u00bbhttps:\/\/thekitchenguy.ca\/wp-content\/uploads\/2017\/01\/master-bathroom-luxury.jpg\u00a0\u00bb bg_stretch=\u00a0\u00bbtrue\u00a0\u00bb video_loop=\u00a0\u00bbfalse\u00a0\u00bb min_height=\u00a0\u00bb00&Prime; full_height=\u00a0\u00bbtrue\u00a0\u00bb padding_top=\u00a0\u00bb80&Prime; padding_bottom=\u00a0\u00bb80&Prime; skip_arrow=\u00a0\u00bbtrue\u00a0\u00bb skip_arrow_skin=\u00a0\u00bbdark\u00a0\u00bb][vc_column][mk_fancy_title tag_name=\u00a0\u00bbh3&Prime; color=\u00a0\u00bb#000000&Prime; size=\u00a0\u00bb56&Prime; force_font_size=\u00a0\u00bbtrue\u00a0\u00bb size_tablet=\u00a0\u00bb40&Prime; line_height=\u00a0\u00bb90&Prime; font_weight=\u00a0\u00bb300&Prime; txt_transform=\u00a0\u00bbcapitalize\u00a0\u00bb margin_bottom=\u00a0\u00bb0&Prime; font_family=\u00a0\u00bbPoppins\u00a0\u00bb font_type=\u00a0\u00bbgoogle\u00a0\u00bb align=\u00a0\u00bbcenter\u00a0\u00bb animation=\u00a0\u00bbright-to-left\u00a0\u00bb]Classique[\/mk_fancy_title][mk_padding_divider size=\u00a0\u00bb30&Prime;][vc_separator color=\u00a0\u00bbblack\u00a0\u00bb border_width=\u00a0\u00bb5&Prime; el_width=\u00a0\u00bb10&Prime;][mk_padding_divider size=\u00a0\u00bb30&Prime;][vc_column_text disable_pattern=\u00a0\u00bbfalse\u00a0\u00bb align=\u00a0\u00bbcenter\u00a0\u00bb margin_bottom=\u00a0\u00bb40&Prime;]<span style=\"color: #000000;\">Les d\u00e9tails \u00e0 la main et les nuances chaleureuses transformeront votre salle de bains en une retraite intemporelle pour les ann\u00e9es \u00e0 venir.<\/span>[\/vc_column_text][mk_button dimension=\u00a0\u00bbflat\u00a0\u00bb size=\u00a0\u00bblarge\u00a0\u00bb url=\u00a0\u00bbhttps:\/\/thekitchenguy.ca\/free-estimate\/\u00a0\u00bb align=\u00a0\u00bbcenter\u00a0\u00bb margin_right=\u00a0\u00bb0&Prime; el_class=\u00a0\u00bbblackborderbtn\u00a0\u00bb bg_color=\u00a0\u00bbrgba(0,0,0,0.01)\u00a0\u00bb btn_hover_bg=\u00a0\u00bb#000000&Prime; text_color=\u00a0\u00bbdark\u00a0\u00bb btn_hover_txt_color=\u00a0\u00bb#ffffff\u00a0\u00bb]ESTIMATION GRATUITE[\/mk_button][\/vc_column][\/mk_page_section][mk_page_section layout_structure=\u00a0\u00bbhalf_left\u00a0\u00bb bg_image=\u00a0\u00bbhttps:\/\/thekitchenguy.ca\/wp-content\/uploads\/2017\/01\/shower-cabin-modern-bathroom.jpg\u00a0\u00bb bg_stretch=\u00a0\u00bbtrue\u00a0\u00bb video_loop=\u00a0\u00bbfalse\u00a0\u00bb min_height=\u00a0\u00bb0&Prime; full_height=\u00a0\u00bbtrue\u00a0\u00bb padding_top=\u00a0\u00bb80&Prime; padding_bottom=\u00a0\u00bb80&Prime; skip_arrow=\u00a0\u00bbtrue\u00a0\u00bb skip_arrow_skin=\u00a0\u00bbdark\u00a0\u00bb][vc_column][mk_fancy_title tag_name=\u00a0\u00bbh3&Prime; color=\u00a0\u00bb#000000&Prime; size=\u00a0\u00bb56&Prime; force_font_size=\u00a0\u00bbtrue\u00a0\u00bb size_tablet=\u00a0\u00bb40&Prime; line_height=\u00a0\u00bb90&Prime; font_weight=\u00a0\u00bb300&Prime; txt_transform=\u00a0\u00bbcapitalize\u00a0\u00bb margin_bottom=\u00a0\u00bb0&Prime; font_family=\u00a0\u00bbPoppins\u00a0\u00bb font_type=\u00a0\u00bbgoogle\u00a0\u00bb align=\u00a0\u00bbcenter\u00a0\u00bb animation=\u00a0\u00bbright-to-left\u00a0\u00bb]Contemporain[\/mk_fancy_title][mk_padding_divider size=\u00a0\u00bb30&Prime;][vc_separator color=\u00a0\u00bbblack\u00a0\u00bb border_width=\u00a0\u00bb5&Prime; el_width=\u00a0\u00bb10&Prime;][mk_padding_divider size=\u00a0\u00bb30&Prime;][vc_column_text disable_pattern=\u00a0\u00bbfalse\u00a0\u00bb align=\u00a0\u00bbcenter\u00a0\u00bb margin_bottom=\u00a0\u00bb40&Prime;]<span style=\"color: #000000;\">Les lignes lin\u00e9aires et modernes accentuent les \u00e9l\u00e9ments naturels pour calmer l&rsquo;esprit. Laissez-vous g\u00e2ter par un design de salle de bain contemporain.<\/span>[\/vc_column_text][mk_button dimension=\u00a0\u00bbflat\u00a0\u00bb size=\u00a0\u00bblarge\u00a0\u00bb url=\u00a0\u00bbhttps:\/\/thekitchenguy.ca\/free-estimate\/\u00a0\u00bb align=\u00a0\u00bbcenter\u00a0\u00bb margin_right=\u00a0\u00bb0&Prime; el_class=\u00a0\u00bbblackborderbtn\u00a0\u00bb bg_color=\u00a0\u00bbrgba(0,0,0,0.01)\u00a0\u00bb btn_hover_bg=\u00a0\u00bb#000000&Prime; text_color=\u00a0\u00bbdark\u00a0\u00bb btn_hover_txt_color=\u00a0\u00bb#ffffff\u00a0\u00bb]ESTIMATION GRATUITE[\/mk_button][\/vc_column][\/mk_page_section][vc_row fullwidth=\u00a0\u00bbtrue\u00a0\u00bb css=\u00a0\u00bb.vc_custom_1493989047541{background-color: #000000 !important;}\u00a0\u00bb][vc_column]<div class=\"templatera_shortcode\">\r\n<div class=\"mk-page-section-wrapper\" data-mk-full-width=\"true\" data-mk-full-width-init=\"true\" data-mk-stretch-content=\"true\">\r\n\t<div id=\"page-section-5\" class=\"mk-page-section self-hosted   full_layout full-width-5 js-el js-master-row jupiter-donut-   \"    data-intro-effect=\"false\">\r\n\r\n\t\t\t\r\n\t\t\t<div class=\"mk-page-section-inner\">\r\n\t\t\t\t\r\n\r\n\r\n<div class=\"mk-video-color-mask\"><\/div>\r\n\r\n\t\t\t\t\r\n\t\t\t\t\t\t\t<\/div>\r\n\r\n\t\t\t\r\n        <div class=\"page-section-content vc_row-fluid mk-grid \" >\r\n            <div class=\"mk-padding-wrapper wpb_row\">\r\n<div class=\"vc_col-sm-4 wpb_column column_container  jupiter-donut- _ jupiter-donut-height-full\">\r\n\t\n\t<div  class=\"wpb_single_image wpb_content_element vc_align_left wpb_content_element\">\n\t\t\n\t\t<figure class=\"wpb_wrapper vc_figure\">\n\t\t\t<div class=\"vc_single_image-wrapper   vc_box_border_grey\"><img loading=\"lazy\" decoding=\"async\" width=\"300\" height=\"300\" src=\"https:\/\/thekitchenguy.ca\/wp-content\/uploads\/2017\/01\/kitchen-300x300.png\" class=\"vc_single_image-img attachment-thumbnail\" alt=\"Conception de salle de bain\" title=\"kitchen\" srcset=\"https:\/\/thekitchenguy.ca\/wp-content\/uploads\/2017\/01\/kitchen-300x300.png 300w, https:\/\/thekitchenguy.ca\/wp-content\/uploads\/2017\/01\/kitchen-100x100.png 100w, https:\/\/thekitchenguy.ca\/wp-content\/uploads\/2017\/01\/kitchen-1600x1600.png 1600w, https:\/\/thekitchenguy.ca\/wp-content\/uploads\/2017\/01\/kitchen-60x60.png 60w, https:\/\/thekitchenguy.ca\/wp-content\/uploads\/2017\/01\/kitchen-800x800.png 800w, https:\/\/thekitchenguy.ca\/wp-content\/uploads\/2017\/01\/kitchen.png 250w\" sizes=\"auto, (max-width: 300px) 100vw, 300px\" itemprop=\"image\" \/><\/div>\n\t\t<\/figure>\n\t<\/div>\n<\/div>\r\n\r\n<div class=\"vc_col-sm-8 wpb_column column_container  jupiter-donut- _ jupiter-donut-height-full\">\r\n\t\r\n<h3 id=\"fancy-title-8\" class=\"mk-fancy-title  simple-style jupiter-donut-  color-single\">\r\n\t<span>\r\n\t\t\t\t<p><span style=\"color: #999999;\">Voir nos <\/span> <a style=\"font-weight: 500; color: #ffffff;\" href=\"https:\/\/thekitchenguy.ca\/fr\/produits\/\"> produits <\/a>! <span style=\"color: #999999;\">de cuisine et de salle de bain!<\/span><\/p>\n\t\t\t<\/span>\r\n<\/h3>\r\n<div class=\"clearboth\"><\/div>\r\n\r\n\r\n\r\n\r\n<div id=\"text-block-9\" class=\"mk-text-block  jupiter-donut- \">\r\n\r\n\t\r\n\t<p><span style=\"color: #999999;\">Si vous partagez mes passions, vous comprendrez l'impact profond <\/span><br \/>\n<span style=\"color: #999999;\">qu'une cuisine bien con\u00e7ue aura sur votre qualit\u00e9 de vie!<\/span><\/p>\n\r\n\t<div class=\"clearboth\"><\/div>\r\n<\/div>\r\n\r\n<\/div>\r\n<\/div>\r\n            <div class=\"clearboth\"><\/div>\r\n        <\/div>\r\n\r\n\r\n\t\t\t\r\n\t\t\t\r\n\t\t\t\r\n\t\t<div class=\"clearboth\"><\/div>\r\n\t<\/div>\r\n<\/div>\r\n<div class=\"vc_row-full-width vc_clearfix\"><\/div>\r\n\r\n<\/div>[\/vc_column][\/vc_row]\n<\/div>","protected":false},"excerpt":{"rendered":"Appelez-nous @ 613-505-4767 \u00c9crivez-nous! Demandez une estimation gratuite DESIGN &amp; R\u00c9NOVATION DE SALLE DE BAINS Un design de salle de bain personnalis\u00e9 est un investissement judicieux pour votre maison. \u00c9vadez-vous dans votre propre paradis de s\u00e9r\u00e9nit\u00e9 et succombez au bien-\u00eatre et \u00e0 la tranquillit\u00e9. DESIGN DE SALLE DE BAIN La salle de bain d'aujourd'hui est [...]","protected":false},"author":13,"featured_media":0,"parent":2271,"menu_order":0,"comment_status":"closed","ping_status":"closed","template":"","meta":{"_seopress_robots_primary_cat":"","_seopress_titles_title":"Conception de salle de bain dans la r\u00e9gion d\"Ottawa Gatineau | The Kitchen Guy\u00ae","_seopress_titles_desc":"Vous cherchez un partenaire pour la conception de votre nouvelle salle de bain? L'\u00e9quipe The Kitchen Guy\u00ae est l\u00e0 pour vous!","_seopress_robots_index":"","footnotes":""},"class_list":["post-2281","page","type-page","status-publish","hentry"],"_links":{"self":[{"href":"https:\/\/thekitchenguy.ca\/fr\/wp-json\/wp\/v2\/pages\/2281","targetHints":{"allow":["GET"]}}],"collection":[{"href":"https:\/\/thekitchenguy.ca\/fr\/wp-json\/wp\/v2\/pages"}],"about":[{"href":"https:\/\/thekitchenguy.ca\/fr\/wp-json\/wp\/v2\/types\/page"}],"author":[{"embeddable":true,"href":"https:\/\/thekitchenguy.ca\/fr\/wp-json\/wp\/v2\/users\/13"}],"replies":[{"embeddable":true,"href":"https:\/\/thekitchenguy.ca\/fr\/wp-json\/wp\/v2\/comments?post=2281"}],"version-history":[{"count":1,"href":"https:\/\/thekitchenguy.ca\/fr\/wp-json\/wp\/v2\/pages\/2281\/revisions"}],"predecessor-version":[{"id":4214,"href":"https:\/\/thekitchenguy.ca\/fr\/wp-json\/wp\/v2\/pages\/2281\/revisions\/4214"}],"up":[{"embeddable":true,"href":"https:\/\/thekitchenguy.ca\/fr\/wp-json\/wp\/v2\/pages\/2271"}],"wp:attachment":[{"href":"https:\/\/thekitchenguy.ca\/fr\/wp-json\/wp\/v2\/media?parent=2281"}],"curies":[{"name":"wp","href":"https:\/\/api.w.org\/{rel}","templated":true}]}}