{"id":2254,"date":"2017-02-08T09:56:58","date_gmt":"2017-02-08T14:56:58","guid":{"rendered":"https:\/\/thekitchenguy.ca\/become-a-partner\/"},"modified":"2021-11-24T10:52:49","modified_gmt":"2021-11-24T15:52:49","slug":"devenez-un-partenaire","status":"publish","type":"page","link":"https:\/\/thekitchenguy.ca\/fr\/devenez-un-partenaire\/","title":{"rendered":"Devenir un partenaire"},"content":{"rendered":"<div class=\"wpb-content-wrapper\">[vc_row][vc_column]<div class=\"templatera_shortcode\">\r\n<div  id=\"ex-button-block\" data-mk-stretch-content=\"true\" class=\"wpb_row vc_row vc_row-fluid jupiter-donut- mk-fullwidth-false  attched-false     js-master-row  mk-grid\">\r\n\t\t\t\t\r\n<div class=\"vc_col-sm-12 ex-button-block-column wpb_column column_container  jupiter-donut- _ jupiter-donut-height-full\">\r\n\t\r\n\r\n<div class=\"wpb_row vc_inner vc_row vc_row-fluid jupiter-donut-   attched-false   \">\r\n\t\t\t<div class=\"ex-button-img-column wpb_column vc_column_container vc_col-sm-12\"><div class=\"vc_column-inner\"><div class=\"wpb_wrapper\">\r\n<div id=\"text-block-2\" class=\"mk-text-block  jupiter-donut- ex-button-text ex-button-text1\">\r\n\r\n\t\r\n\t<p>Appelez-nous @ 613-505-4767<\/p>\n\r\n\t<div class=\"clearboth\"><\/div>\r\n<\/div>\r\n\r\n\n\t<div  class=\"wpb_single_image wpb_content_element vc_align_center wpb_content_element wpb_animate_when_almost_visible wpb_fadeIn fadeIn  ex-button-image ex-button-image1\">\n\t\t\n\t\t<figure class=\"wpb_wrapper vc_figure\">\n\t\t\t<a href=\"tel:%20613-505-4767\" target=\"_self\" class=\"vc_single_image-wrapper vc_box_circle  vc_box_border_grey\"><img decoding=\"async\" class=\"vc_single_image-img \" src=\"https:\/\/thekitchenguy.ca\/wp-content\/uploads\/2017\/02\/phone-icon-70x70.png\" width=\"70\" height=\"70\" alt=\"phone-icon\" title=\"phone-icon\" loading=\"lazy\" \/><\/a>\n\t\t<\/figure>\n\t<\/div>\n<\/div><\/div><\/div>\t<\/div>\r\n\r\n\r\n<div class=\"wpb_row vc_inner vc_row vc_row-fluid jupiter-donut-   attched-false   \">\r\n\t\t\t<div class=\"ex-button-img-column wpb_column vc_column_container vc_col-sm-12\"><div class=\"vc_column-inner\"><div class=\"wpb_wrapper\">\r\n<div id=\"text-block-3\" class=\"mk-text-block  jupiter-donut- ex-button-text ex-button-text2\">\r\n\r\n\t\r\n\t<p>\u00c9crivez-nous!<\/p>\n\r\n\t<div class=\"clearboth\"><\/div>\r\n<\/div>\r\n\r\n\n\t<div  class=\"wpb_single_image wpb_content_element vc_align_center wpb_content_element wpb_animate_when_almost_visible wpb_fadeIn fadeIn  ex-button-image ex-button-image2\">\n\t\t\n\t\t<figure class=\"wpb_wrapper vc_figure\">\n\t\t\t<a href=\"mailto:clientcare@thekitchenguy.ca\" target=\"_self\" class=\"vc_single_image-wrapper vc_box_circle  vc_box_border_grey\"><img decoding=\"async\" class=\"vc_single_image-img \" src=\"https:\/\/thekitchenguy.ca\/wp-content\/uploads\/2017\/02\/email-icon-70x70.png\" width=\"70\" height=\"70\" alt=\"email-icon\" title=\"email-icon\" loading=\"lazy\" \/><\/a>\n\t\t<\/figure>\n\t<\/div>\n<\/div><\/div><\/div>\t<\/div>\r\n\r\n\r\n<div class=\"wpb_row vc_inner vc_row vc_row-fluid jupiter-donut-   attched-false   \">\r\n\t\t\t<div class=\"ex-button-img-column wpb_column vc_column_container vc_col-sm-12\"><div class=\"vc_column-inner\"><div class=\"wpb_wrapper\">\r\n<div id=\"text-block-4\" class=\"mk-text-block  jupiter-donut- ex-button-text ex-button-text3\">\r\n\r\n\t\r\n\t<p>Demandez une estimation gratuite<\/p>\n\r\n\t<div class=\"clearboth\"><\/div>\r\n<\/div>\r\n\r\n\n\t<div  class=\"wpb_single_image wpb_content_element vc_align_center wpb_content_element wpb_animate_when_almost_visible wpb_fadeIn fadeIn  ex-button-image ex-button-image3\">\n\t\t\n\t\t<figure class=\"wpb_wrapper vc_figure\">\n\t\t\t<a href=\"https:\/\/thekitchenguy.ca\/free-estimate\/\" target=\"_self\" class=\"vc_single_image-wrapper vc_box_circle  vc_box_border_grey\"><img decoding=\"async\" class=\"vc_single_image-img \" src=\"https:\/\/thekitchenguy.ca\/wp-content\/uploads\/2017\/02\/contact-form-icon-70x70.png\" width=\"70\" height=\"70\" alt=\"contact-form-icon\" title=\"contact-form-icon\" loading=\"lazy\" \/><\/a>\n\t\t<\/figure>\n\t<\/div>\n<\/div><\/div><\/div>\t<\/div>\r\n<\/div>\r\n\t<\/div>\r\n<\/div>[\/vc_column][\/vc_row][mk_page_section bg_image=\u00a0\u00bbhttps:\/\/thekitchenguy.ca\/wp-content\/uploads\/2017\/02\/become-a-partner-kitchen.jpg\u00a0\u00bb bg_image_portrait=\u00a0\u00bbhttps:\/\/thekitchenguy.ca\/wp-content\/uploads\/2017\/02\/become-a-partner-kitchen.jpg\u00a0\u00bb bg_position=\u00a0\u00bbcenter center\u00a0\u00bb bg_repeat=\u00a0\u00bbno-repeat\u00a0\u00bb bg_stretch=\u00a0\u00bbtrue\u00a0\u00bb video_opacity=\u00a0\u00bb0&Prime; min_height=\u00a0\u00bb0&Prime; skip_arrow=\u00a0\u00bbtrue\u00a0\u00bb skip_arrow_skin=\u00a0\u00bbdark\u00a0\u00bb top_shape_color=\u00a0\u00bb#ffffff\u00a0\u00bb bottom_shape_color=\u00a0\u00bb#ffffff\u00a0\u00bb sidebar=\u00a0\u00bbsidebar-1&Prime;][vc_column][vc_row_inner][vc_column_inner width=\u00a0\u00bb2\/12&Prime;][\/vc_column_inner][vc_column_inner width=\u00a0\u00bb2\/3&Prime; css=\u00a0\u00bb.vc_custom_1493850669343{margin-top: 100px !important;margin-bottom: 100px !important;padding-right: 40px !important;padding-left: 40px !important;background-color: rgba(255,255,255,0.65) !important;*background-color: rgb(255,255,255) !important;}\u00a0\u00bb][mk_fancy_title color=\u00a0\u00bb#000000&Prime; size=\u00a0\u00bb30&Prime; font_family=\u00a0\u00bbnone\u00a0\u00bb align=\u00a0\u00bbcenter\u00a0\u00bb]Devenez un partenaire TKG[\/mk_fancy_title][vc_column_text]\n<p style=\"text-align: center;\">\u00cates-vous un designer int\u00e9rieur, un entrepreneur ou un d\u00e9veloppeur qui cherche \u00e0 offrir \u00e0 vos clients les meilleurs designs de cuisine, armoires et comptoirs sur mesure d&rsquo;Ottawa-Gatineau ?<\/p>\n[\/vc_column_text][\/vc_column_inner][vc_column_inner width=\u00a0\u00bb2\/12&Prime;][\/vc_column_inner][\/vc_row_inner][\/vc_column][\/mk_page_section][vc_row fullwidth=\u00a0\u00bbtrue\u00a0\u00bb fullwidth_content=\u00a0\u00bbfalse\u00a0\u00bb css=\u00a0\u00bb.vc_custom_1486656975154{background-color: #ffffff !important;}\u00a0\u00bb][vc_column][mk_fancy_title color=\u00a0\u00bb#000000&Prime; size=\u00a0\u00bb60&Prime; margin_top=\u00a0\u00bb80&Prime; font_family=\u00a0\u00bbnone\u00a0\u00bb align=\u00a0\u00bbcenter\u00a0\u00bb]COMMENT CA FONCTIONNE?[\/mk_fancy_title][vc_row_inner][vc_column_inner width=\u00a0\u00bb1\/3&Prime;][mk_icon_box2 icon_size=\u00a0\u00bb48&Prime; icon=\u00a0\u00bbmk-moon-phone-5&Prime; icon_color=\u00a0\u00bb#000000&Prime; title=\u00a0\u00bbDemander une consultation avec notre \u00e9quipe pour \u00e9valuer les possibilit\u00e9s de collaboration!\u00a0\u00bb title_color=\u00a0\u00bb#000000&Prime;][\/mk_icon_box2][\/vc_column_inner][vc_column_inner width=\u00a0\u00bb1\/3&Prime;][mk_icon_box2 icon_size=\u00a0\u00bb48&Prime; icon=\u00a0\u00bbmk-li-notepad\u00a0\u00bb icon_color=\u00a0\u00bb#000000&Prime; title=\u00a0\u00bbApportez-nous vos projets de cuisine pour un design de cuisine cr\u00e9atif haut de gamme avec installation d&rsquo;armoires et de comptoirs.\u00a0\u00bb title_color=\u00a0\u00bb#000000&Prime;][\/mk_icon_box2][\/vc_column_inner][vc_column_inner width=\u00a0\u00bb1\/3&Prime;][mk_icon_box2 icon_size=\u00a0\u00bb48&Prime; icon=\u00a0\u00bbmk-icon-thumbs-o-up\u00a0\u00bb icon_color=\u00a0\u00bb#000000&Prime; title=\u00a0\u00bb\u00c9merveillez vos clients avec la cuisine de leurs r\u00eaves!\u00a0\u00bb title_color=\u00a0\u00bb#000000&Prime;][\/mk_icon_box2][\/vc_column_inner][\/vc_row_inner][mk_padding_divider size=\u00a0\u00bb80&Prime;][\/vc_column][\/vc_row][vc_row fullwidth=\u00a0\u00bbtrue\u00a0\u00bb fullwidth_content=\u00a0\u00bbfalse\u00a0\u00bb css=\u00a0\u00bb.vc_custom_1486656907395{background-color: #f2f3f3 !important;}\u00a0\u00bb][vc_column][mk_fancy_title color=\u00a0\u00bb#000000&Prime; size=\u00a0\u00bb36&Prime; force_font_size=\u00a0\u00bbtrue\u00a0\u00bb size_tablet=\u00a0\u00bb28&Prime; size_phone=\u00a0\u00bb24&Prime; font_weight=\u00a0\u00bb500&Prime; margin_top=\u00a0\u00bb40&Prime; font_family=\u00a0\u00bbnone\u00a0\u00bb align=\u00a0\u00bbcenter\u00a0\u00bb]Devenez un partenaire Kitchen Guy!<\/p>\n<p><a href=\"mailto:TKGpartners@thekitchenguy.ca\">TKGpartners@thekitchenguy.ca<\/a><\/p>\n<p>OTTAWA\u00a0<a href=\"http:\/\/613-505-4767\/\">613-505-4767<\/a><\/p>\n<p>SUDBURY\u00a0<a href=\"http:\/\/705-805-2006\/\">705-805-2006<\/a>[\/mk_fancy_title][\/vc_column][\/vc_row][vc_row fullwidth=\u00a0\u00bbtrue\u00a0\u00bb][vc_column]<div class=\"templatera_shortcode\"><style type=\"text\/css\" data-type=\"vc_shortcodes-custom-css\">.vc_custom_1502993573756{background-color: #e5e5e5 !important;}<\/style>\r\n<div  data-mk-full-width=\"true\" data-mk-full-width-init=\"false\" data-mk-stretch-content=\"true\" class=\"wpb_row vc_row vc_row-fluid jupiter-donut- mk-fullwidth-true  attched-false padding-top-100-1 margin-top-1   vc_custom_1502993573756  equal-columns js-master-row  mk-full-content-true\">\r\n\t\t\t\t\r\n<div class=\"vc_col-sm-3 vc_col-lg-offset-1 wpb_column column_container  jupiter-donut- _ jupiter-donut-height-full\">\r\n\t\n\t<div  class=\"wpb_single_image wpb_content_element vc_align_center wpb_content_element\">\n\t\t\n\t\t<figure class=\"wpb_wrapper vc_figure\">\n\t\t\t<div class=\"vc_single_image-wrapper   vc_box_border_grey\"><img loading=\"lazy\" decoding=\"async\" width=\"300\" height=\"243\" src=\"https:\/\/thekitchenguy.ca\/wp-content\/uploads\/2017\/04\/logo-tkg-bigger-r-300x243.png\" class=\"vc_single_image-img attachment-thumbnail\" alt=\"The Kitchen Logo\" title=\"logo-tkg\" srcset=\"https:\/\/thekitchenguy.ca\/wp-content\/uploads\/2017\/04\/logo-tkg-bigger-r-300x243.png 300w, https:\/\/thekitchenguy.ca\/wp-content\/uploads\/2017\/04\/logo-tkg-bigger-r-1600x1300.png 1600w, https:\/\/thekitchenguy.ca\/wp-content\/uploads\/2017\/04\/logo-tkg-bigger-r.png 320w\" sizes=\"auto, (max-width: 300px) 100vw, 300px\" itemprop=\"image\" \/><\/div>\n\t\t<\/figure>\n\t<\/div>\n<\/div>\r\n\r\n<div class=\"vc_col-sm-6 vc_col-lg-5 vc_col-md-6 wpb_column column_container  jupiter-donut- _ jupiter-donut-height-full\">\r\n\t\r\n<div id=\"text-block-7\" class=\"mk-text-block  jupiter-donut- \">\r\n\r\n\t\r\n\t<p class=\"text-top-1\">est <span style=\"color: #000 !important; font-weight: 600;\">membre<\/span><\/p>\n<p class=\"text-bottom-1\"><a href=\"https:\/\/www.nkba.org\" target=\"_blank\" rel=\"noopener\">du National Kitchen and Bath Association.<\/a><\/p>\n\r\n\t<div class=\"clearboth\"><\/div>\r\n<\/div>\r\n\r\n<\/div>\r\n\r\n<div class=\"vc_col-sm-2 wpb_column column_container  jupiter-donut- _ jupiter-donut-height-full\">\r\n\t\n\t<div  class=\"wpb_single_image wpb_content_element vc_align_right wpb_content_element  center-img-1\">\n\t\t\n\t\t<figure class=\"wpb_wrapper vc_figure\">\n\t\t\t<a href=\"https:\/\/www.nkba.org\" target=\"_blank\" class=\"vc_single_image-wrapper   vc_box_border_grey\"><img decoding=\"async\" class=\"vc_single_image-img \" src=\"https:\/\/thekitchenguy.ca\/wp-content\/uploads\/2017\/08\/nkba_logo.png\" width=\"200\" height=\"123\" alt=\"nkba_logo\" title=\"nkba_logo\" loading=\"lazy\" \/><\/a>\n\t\t<\/figure>\n\t<\/div>\n<\/div>\r\n\t<\/div>\r\n<div class=\"vc_row-full-width vc_clearfix\"><\/div><\/div>[\/vc_column][\/vc_row][vc_row fullwidth=\u00a0\u00bbtrue\u00a0\u00bb][vc_column][mk_portfolio style=\u00a0\u00bbgrid\u00a0\u00bb hover_scenarios=\u00a0\u00bbcube\u00a0\u00bb grid_spacing=\u00a0\u00bb0&Prime; meta_type=\u00a0\u00bbnone\u00a0\u00bb permalink_icon=\u00a0\u00bbfalse\u00a0\u00bb zoom_icon=\u00a0\u00bbfalse\u00a0\u00bb count=\u00a0\u00bb3&Prime; sortable=\u00a0\u00bbfalse\u00a0\u00bb pagination=\u00a0\u00bbfalse\u00a0\u00bb order=\u00a0\u00bbASC\u00a0\u00bb posts=\u00a0\u00bb1499, 1468, 1475&Prime;][\/vc_column][\/vc_row][vc_row fullwidth=\u00a0\u00bbtrue\u00a0\u00bb css=\u00a0\u00bb.vc_custom_1493988073575{background-color: #000000 !important;}\u00a0\u00bb][vc_column]<div class=\"templatera_shortcode\">\r\n<div class=\"mk-page-section-wrapper\" data-mk-full-width=\"true\" data-mk-full-width-init=\"true\" data-mk-stretch-content=\"true\">\r\n\t<div id=\"read-our-blog\" class=\"mk-page-section self-hosted   full_layout full-width-9 js-el js-master-row jupiter-donut-   \"    data-intro-effect=\"false\">\r\n\r\n\t\t\t\r\n\t\t\t<div class=\"mk-page-section-inner\">\r\n\t\t\t\t\r\n\r\n\r\n<div class=\"mk-video-color-mask\"><\/div>\r\n\r\n\t\t\t\t\r\n\t\t\t\t\t\t\t<\/div>\r\n\r\n\t\t\t\r\n        <div class=\"page-section-content vc_row-fluid mk-grid \" >\r\n            <div class=\"mk-padding-wrapper wpb_row\">\r\n<div class=\"vc_col-sm-4 wpb_column column_container  jupiter-donut- _ jupiter-donut-height-full\">\r\n\t\n\t<div  class=\"wpb_single_image wpb_content_element vc_align_left wpb_content_element\">\n\t\t\n\t\t<figure class=\"wpb_wrapper vc_figure\">\n\t\t\t<div class=\"vc_single_image-wrapper   vc_box_border_grey\"><img loading=\"lazy\" decoding=\"async\" width=\"300\" height=\"174\" src=\"https:\/\/thekitchenguy.ca\/wp-content\/uploads\/2016\/04\/tkg-blog-blanc-300x174.png\" class=\"vc_single_image-img attachment-thumbnail\" alt=\"\" title=\"The Kitchen Guy Blog\" srcset=\"https:\/\/thekitchenguy.ca\/wp-content\/uploads\/2016\/04\/tkg-blog-blanc-300x174.png 300w, https:\/\/thekitchenguy.ca\/wp-content\/uploads\/2016\/04\/tkg-blog-blanc-600x349.png 600w, https:\/\/thekitchenguy.ca\/wp-content\/uploads\/2016\/04\/tkg-blog-blanc-800x465.png 800w, https:\/\/thekitchenguy.ca\/wp-content\/uploads\/2016\/04\/tkg-blog-blanc-768x447.png 768w, https:\/\/thekitchenguy.ca\/wp-content\/uploads\/2016\/04\/tkg-blog-blanc-1600x931.png 1600w\" sizes=\"auto, (max-width: 300px) 100vw, 300px\" itemprop=\"image\" \/><\/div>\n\t\t<\/figure>\n\t<\/div>\n<\/div>\r\n\r\n<div class=\"vc_col-sm-8 wpb_column column_container  jupiter-donut- _ jupiter-donut-height-full\">\r\n\t\r\n<h5 id=\"fancy-title-12\" class=\"mk-fancy-title  simple-style jupiter-donut-  color-single\">\r\n\t<span>\r\n\t\t\t\t<p>Lisez notre dernier <a class=\"cta-blog\" style=\"font-weight: 500; color: #fff;\" href=\"https:\/\/thekitchenguy.ca\/fr\/blogue\/\">blogue<\/a>! Restez branch\u00e9.<\/p>\n\t\t\t<\/span>\r\n<\/h5>\r\n<div class=\"clearboth\"><\/div>\r\n\r\n\r\n\r\n<\/div>\r\n<\/div>\r\n            <div class=\"clearboth\"><\/div>\r\n        <\/div>\r\n\r\n\r\n\t\t\t\r\n\t\t\t\r\n\t\t\t\r\n\t\t<div class=\"clearboth\"><\/div>\r\n\t<\/div>\r\n<\/div>\r\n<div class=\"vc_row-full-width vc_clearfix\"><\/div>\r\n\r\n<\/div>[\/vc_column][\/vc_row]\n<\/div>","protected":false},"excerpt":{"rendered":"Appelez-nous @ 613-505-4767 \u00c9crivez-nous! Demandez une estimation gratuite Devenez un partenaire TKG \u00cates-vous un designer int\u00e9rieur, un entrepreneur ou un d\u00e9veloppeur qui cherche \u00e0 offrir \u00e0 vos clients les meilleurs designs de cuisine, armoires et comptoirs sur mesure d'Ottawa-Gatineau ? COMMENT CA FONCTIONNE? Demander une consultation avec notre \u00e9quipe pour \u00e9valuer les possibilit\u00e9s de collaboration! [...]","protected":false},"author":13,"featured_media":0,"parent":0,"menu_order":0,"comment_status":"closed","ping_status":"closed","template":"","meta":{"_seopress_robots_primary_cat":"","_seopress_titles_title":"","_seopress_titles_desc":"","_seopress_robots_index":"","footnotes":""},"class_list":["post-2254","page","type-page","status-publish","hentry"],"_links":{"self":[{"href":"https:\/\/thekitchenguy.ca\/fr\/wp-json\/wp\/v2\/pages\/2254","targetHints":{"allow":["GET"]}}],"collection":[{"href":"https:\/\/thekitchenguy.ca\/fr\/wp-json\/wp\/v2\/pages"}],"about":[{"href":"https:\/\/thekitchenguy.ca\/fr\/wp-json\/wp\/v2\/types\/page"}],"author":[{"embeddable":true,"href":"https:\/\/thekitchenguy.ca\/fr\/wp-json\/wp\/v2\/users\/13"}],"replies":[{"embeddable":true,"href":"https:\/\/thekitchenguy.ca\/fr\/wp-json\/wp\/v2\/comments?post=2254"}],"version-history":[{"count":2,"href":"https:\/\/thekitchenguy.ca\/fr\/wp-json\/wp\/v2\/pages\/2254\/revisions"}],"predecessor-version":[{"id":5034,"href":"https:\/\/thekitchenguy.ca\/fr\/wp-json\/wp\/v2\/pages\/2254\/revisions\/5034"}],"wp:attachment":[{"href":"https:\/\/thekitchenguy.ca\/fr\/wp-json\/wp\/v2\/media?parent=2254"}],"curies":[{"name":"wp","href":"https:\/\/api.w.org\/{rel}","templated":true}]}}